{"id":353,"date":"2022-11-17T09:44:31","date_gmt":"2022-11-17T09:44:31","guid":{"rendered":"https:\/\/ong-abefguinee.org\/?page_id=353"},"modified":"2022-12-11T06:43:13","modified_gmt":"2022-12-11T06:43:13","slug":"pron","status":"publish","type":"page","link":"https:\/\/ong-abefguinee.org\/?page_id=353","title":{"rendered":"projets"},"content":{"rendered":"\t\t<div data-elementor-type=\"wp-page\" data-elementor-id=\"353\" class=\"elementor elementor-353\">\n\t\t\t\t\t\t<section class=\"elementor-section elementor-top-section elementor-element elementor-element-ca9712b elementor-reverse-mobile elementor-section-stretched elementor-section-boxed elementor-section-height-default elementor-section-height-default elementor-invisible\" data-id=\"ca9712b\" data-element_type=\"section\" data-settings=\"{&quot;background_background&quot;:&quot;classic&quot;,&quot;animation&quot;:&quot;fadeIn&quot;,&quot;stretch_section&quot;:&quot;section-stretched&quot;}\">\n\t\t\t\t\t\t\t<div class=\"elementor-background-overlay\"><\/div>\n\t\t\t\t\t\t\t<div class=\"elementor-container elementor-column-gap-default\">\n\t\t\t\t\t<div class=\"elementor-column elementor-col-100 elementor-top-column elementor-element elementor-element-4d2496e5\" data-id=\"4d2496e5\" data-element_type=\"column\">\n\t\t\t<div class=\"elementor-widget-wrap elementor-element-populated\">\n\t\t\t\t\t\t<div class=\"elementor-element elementor-element-19bfe11b de_scroll_animation_no elementor-invisible elementor-widget elementor-widget-heading\" data-id=\"19bfe11b\" data-element_type=\"widget\" data-settings=\"{&quot;_animation&quot;:&quot;fadeIn&quot;}\" data-widget_type=\"heading.default\">\n\t\t\t\t<div class=\"elementor-widget-container\">\n\t\t\t\t\t<h1 class=\"elementor-heading-title elementor-size-default\">NOS PROJETS<\/h1>\t\t\t\t<\/div>\n\t\t\t\t<\/div>\n\t\t\t\t\t<\/div>\n\t\t<\/div>\n\t\t\t\t\t<\/div>\n\t\t<\/section>\n\t\t\t\t<section class=\"elementor-section elementor-top-section elementor-element elementor-element-3018437 elementor-section-stretched elementor-section-boxed elementor-section-height-default elementor-section-height-default\" data-id=\"3018437\" data-element_type=\"section\" data-settings=\"{&quot;stretch_section&quot;:&quot;section-stretched&quot;}\">\n\t\t\t\t\t\t<div class=\"elementor-container elementor-column-gap-default\">\n\t\t\t\t\t<div class=\"elementor-column elementor-col-100 elementor-top-column elementor-element elementor-element-9d14a2d\" data-id=\"9d14a2d\" data-element_type=\"column\">\n\t\t\t<div class=\"elementor-widget-wrap elementor-element-populated\">\n\t\t\t\t\t\t<div class=\"elementor-element elementor-element-ee4a6f4 de_scroll_animation_no elementor-widget elementor-widget-elementskit-tablepress\" data-id=\"ee4a6f4\" data-element_type=\"widget\" data-widget_type=\"elementskit-tablepress.default\">\n\t\t\t\t<div class=\"elementor-widget-container\">\n\t\t\t\t\t<div class=\"elemenetskit-tablepress ekit-wid-con\" id=\"ekit_tablepress_ee4a6f4\">\n<table id=\"tablepress-4\" class=\"tablepress tablepress-id-4\">\n<thead>\n<tr class=\"row-1\">\n\t<th class=\"column-1\">Titre du projet<\/th><th class=\"column-2\">P\u00e9riode<\/th><th class=\"column-3\">Partenaire technique et financier<\/th><th class=\"column-4\">Zones couvertes<\/th>\n<\/tr>\n<\/thead>\n<tbody class=\"row-striping\">\n<tr class=\"row-2\">\n\t<td class=\"column-1\">Promouvoir la Sante et des Droits Sexuels et Reproductifs Universels des Adolescents Vuln\u00e9rables en Afrique\u00a0de l\u0092Ouest<\/td><td class=\"column-2\">01 octobre 2022 \u00e0 nos jours<\/td><td class=\"column-3\">Plan International Guin\u00e9e et Union Europ\u00e9enne<\/td><td class=\"column-4\">Les pr\u00e9fectures de Coyah, Dubr\u00e9ka, For\u00e9cariah, Kissidougou, Gu\u00e9ck\u00e9dou, Macenta, N\u0092Z\u00e9r\u00e9kor\u00e9 et Yomou<\/td>\n<\/tr>\n<tr class=\"row-3\">\n\t<td class=\"column-1\">Consolider la paix transfrontali\u00e8re et renforcer durablement les moyens de subsistance des \u00e9leveurs de b\u00e9tail et des agriculteurs en Sierra Leone et en Guin\u00e9e<\/td><td class=\"column-2\">08 ao\u00fbt 2022 au 05 janvier 2023<\/td><td class=\"column-3\">Programme Alimentaire Mondial (PAM)<\/td><td class=\"column-4\">Les Communes rurales de H\u00e9r\u00e9makono et Songoyah, pr\u00e9fecture de Faranah<\/td>\n<\/tr>\n<tr class=\"row-4\">\n\t<td class=\"column-1\">Village Z\u00e9ro Faim (VZF) en Guin\u00e9e _ Volet r\u00e9silience<\/td><td class=\"column-2\">15 juillet 2022 au 15 janvier 2023<\/td><td class=\"column-3\">Programme Alimentaire Mondial (PAM)<\/td><td class=\"column-4\">Le secteur Pampako, district de Gbaya, sous-pr\u00e9fecture de Gbangbadou, pr\u00e9fecture de Kissidougou, r\u00e9gion Administrative de Faranah<\/td>\n<\/tr>\n<tr class=\"row-5\">\n\t<td class=\"column-1\">Projet de \u00abConsolider la paix transfrontali\u00e8re et renforcer durablement les moyens de subsistance des \u00e9leveurs de b\u00e9tail et des agriculteurs en Sierra Leone et en Guin\u00e9e\u00bb_ Volet Planification Communautaire Participative (PCP)<\/td><td class=\"column-2\">07\/03\/2022 au 01\/04\/2022\u00a0<\/td><td class=\"column-3\">Programme Alimentaire Mondial (PAM)<\/td><td class=\"column-4\">CR de Songoyah et H\u00e9r\u00e9makono, pr\u00e9fecture de Faranah\u00a0<\/td>\n<\/tr>\n<tr class=\"row-6\">\n\t<td class=\"column-1\">Projet de mise en \u009cuvre des activit\u00e9s de d\u00e9pistage communautaire (diff\u00e9renci\u00e9) dans le cadre de la subvention GIN-H-MoH\/NFM3<\/td><td class=\"column-2\">De 2021 \u00e0 nos jours<\/td><td class=\"column-3\">Fraternit\u00e9 M\u00e9dicale Guin\u00e9e (FMG)<\/td><td class=\"column-4\">Pr\u00e9fecture de N\u0092Z\u00e9r\u00e9kor\u00e9<\/td>\n<\/tr>\n<tr class=\"row-7\">\n\t<td class=\"column-1\">Projet SRAC (Renforcement des moyens d\u0092existence et de l\u0092acc\u00e8s aux march\u00e9s des petits exploitants agricoles) dans la pr\u00e9fecture de Kissidougou\u00a0<\/td><td class=\"column-2\">22 juin 2021 au 28 f\u00e9vrier 2022<\/td><td class=\"column-3\">Programme Alimentaire Mondial (PAM)<\/td><td class=\"column-4\">Pr\u00e9fecture de Kissidougou\u00a0<\/td>\n<\/tr>\n<tr class=\"row-8\">\n\t<td class=\"column-1\">Renforcement des mesures communautaires pour pr\u00e9venir la propagation et la contamination au COVID-19 dans la CR de N'Z\u00e9b\u00e9la, pr\u00e9fecture de Macenta<\/td><td class=\"column-2\">2020<\/td><td class=\"column-3\"><\/td><td class=\"column-4\">CR de N\u0092Z\u00e9b\u00e9la\/Macenta<\/td>\n<\/tr>\n<tr class=\"row-9\">\n\t<td class=\"column-1\"><\/td><td class=\"column-2\"><\/td><td class=\"column-3\">Programme Alimentaire Mondial (PAM)<\/td><td class=\"column-4\"><\/td>\n<\/tr>\n<tr class=\"row-10\">\n\t<td class=\"column-1\">Assistance alimentaire pour les personnes touch\u00e9es par les inondations et d\u00e9g\u00e2ts des cultures en Guin\u00e9e<\/td><td class=\"column-2\">07 juin au 31 ao\u00fbt 2019<\/td><td class=\"column-3\">Financement Supplementary budget du Japon\/PAM<\/td><td class=\"column-4\">CR de Bendou, Gbangbadou, Fermessadou et CU de Kissidougou<\/td>\n<\/tr>\n<tr class=\"row-11\">\n\t<td class=\"column-1\"><\/td><td class=\"column-2\"><\/td><td class=\"column-3\">Programme Alimentaire Mondial (PAM)<\/td><td class=\"column-4\"><\/td>\n<\/tr>\n<tr class=\"row-12\">\n\t<td class=\"column-1\"><\/td><td class=\"column-2\"><\/td><td class=\"column-3\"><\/td><td class=\"column-4\">Balagolaye\/CR N\u0092Z\u00e9b\u00e9la\/Macenta<\/td>\n<\/tr>\n<tr class=\"row-13\">\n\t<td class=\"column-1\">Renforcement des moyens d\u0092existence et de l\u0092acc\u00e8s aux march\u00e9s des petits exploitants<\/td><td class=\"column-2\">15\/04\/ au 15\/07\/2020<\/td><td class=\"column-3\"><\/td><td class=\"column-4\"><\/td>\n<\/tr>\n<tr class=\"row-14\">\n\t<td class=\"column-1\">Assistance alimentaire aux m\u00e9nages des personnes sous ARV\/DOTS<\/td><td class=\"column-2\">2020<\/td><td class=\"column-3\">Programme Alimentaire Mondial (PAM)<\/td><td class=\"column-4\">Kissidougou<\/td>\n<\/tr>\n<tr class=\"row-15\">\n\t<td class=\"column-1\"><\/td><td class=\"column-2\">14 novembre 2019 au 31 janvier 2020<\/td><td class=\"column-3\">Programme Alimentaire Mondial (PAM)<\/td><td class=\"column-4\"><\/td>\n<\/tr>\n<tr class=\"row-16\">\n\t<td class=\"column-1\"><\/td><td class=\"column-2\"><\/td><td class=\"column-3\"><\/td><td class=\"column-4\">CR de S\u00e9r\u00e9dou, Sengb\u00e9dou et Kouankan\/pr\u00e9fecture Macenta<\/td>\n<\/tr>\n<tr class=\"row-17\">\n\t<td class=\"column-1\"><\/td><td class=\"column-2\"><\/td><td class=\"column-3\"><\/td><td class=\"column-4\"><\/td>\n<\/tr>\n<tr class=\"row-18\">\n\t<td class=\"column-1\">Renforcement des moyens d\u0092existence et de l\u0092acc\u00e8s aux march\u00e9s des petits exploitants<\/td><td class=\"column-2\"><\/td><td class=\"column-3\"><\/td><td class=\"column-4\"><\/td>\n<\/tr>\n<tr class=\"row-19\">\n\t<td class=\"column-1\">Programme d\u0092Appui \u00e0 la R\u00e9forme du Secteur de la S\u00e9curit\u00e9 en Guin\u00e9e (PARSS.3-Environnement)<\/td><td class=\"column-2\">01\/09\/2019 au 31\/07\/2020<\/td><td class=\"column-3\">UNOPS<\/td><td class=\"column-4\">CR de Koul\u00e9, N\u0092Z\u00e9b\u00e9la, S\u00e9r\u00e9dou, Or\u00e9ma\u00ef et Sengb\u00e9dou \/pr\u00e9fecture Macenta<\/td>\n<\/tr>\n<tr class=\"row-20\">\n\t<td class=\"column-1\">Projet de construction de l\u0092Ecole Primaire (trois salles de classes, \u00e9quipement et trois blocs de latrines<\/td><td class=\"column-2\">14\/02\/2019 au 13\/02\/2020<\/td><td class=\"column-3\">Ambassade du Japon en Guin\u00e9e<\/td><td class=\"column-4\">Dans le quartier de K\u00e9r\u00e9dou\/Commune Urbaine de Kissidougou<\/td>\n<\/tr>\n<tr class=\"row-21\">\n\t<td class=\"column-1\">Projet d\u0092Appui au renforcement de capacit\u00e9s des acteurs (directeurs, enseignants et des comit\u00e9s de gestion des cantines) en vue de p\u00e9renniser le fonctionnement des cantines scolaires.<\/td><td class=\"column-2\">2019<\/td><td class=\"column-3\">Programme Alimentaire Mondial (PAM)<\/td><td class=\"column-4\">Au sein 59 \u00e9coles primaires reparties entre les sous-pr\u00e9fectures de Fermessadou, Gbangbadou, Albadariah, la Commune Urbaine, Yendei, Sangardo et Beindou<\/td>\n<\/tr>\n<tr class=\"row-22\">\n\t<td class=\"column-1\">Projet de \u00ab de renforcement des services de lutte contre le Paludisme en Guin\u00e9e\u00a0\u00bb<\/td><td class=\"column-2\">01\/09\/2018    au 31\/12\/2020<\/td><td class=\"column-3\">Plan International-Guin\u00e9e\/CRS et Fonds Mondial<\/td><td class=\"column-4\">Pr\u00e9fectures de Macenta, Beyla et Kissidougou<\/td>\n<\/tr>\n<tr class=\"row-23\">\n\t<td class=\"column-1\"><\/td><td class=\"column-2\"><\/td><td class=\"column-3\"><\/td><td class=\"column-4\"><\/td>\n<\/tr>\n<tr class=\"row-24\">\n\t<td class=\"column-1\">Projet de \u00ab R\u00e9int\u00e9gration des Migrants retourn\u00e9s en Guin\u00e9e<\/td><td class=\"column-2\">1er sept 2018 au 28 F\u00e9vrier 2019<\/td><td class=\"column-3\">Organisation Internationale de Migrations (OIM)<\/td><td class=\"column-4\">Dans les pr\u00e9fectures de Kissidougou, Gu\u00e9ck\u00e9dou, Macenta, Beyla, Lola, Yomou et N\u0092Z\u00e9r\u00e9kor\u00e9<\/td>\n<\/tr>\n<tr class=\"row-25\">\n\t<td class=\"column-1\"><\/td><td class=\"column-2\"><\/td><td class=\"column-3\"><\/td><td class=\"column-4\"><\/td>\n<\/tr>\n<tr class=\"row-26\">\n\t<td class=\"column-1\">Projet de \u00ab\u00a0pr\u00e9vention de la radicalisation et de l\u0092extr\u00e9misme violent\u00bb<\/td><td class=\"column-2\">05 septembre au 03 octobre 2018<\/td><td class=\"column-3\">Organisation Internationale de Migrations (OIM)<\/td><td class=\"column-4\">Pr\u00e9fectures de Beyla et N\u0092Z\u00e9r\u00e9kor\u00e9<\/td>\n<\/tr>\n<tr class=\"row-27\">\n\t<td class=\"column-1\">Assistance Alimentaire pour les personnes touch\u00e9es par les inondations et d\u00e9g\u00e2ts des cultures en Guin\u00e9e.<\/td><td class=\"column-2\"><\/td><td class=\"column-3\">Programme Alimentaire Mondial (PAM)<\/td><td class=\"column-4\">Pr\u00e9fecture de Kissidougou<\/td>\n<\/tr>\n<tr class=\"row-28\">\n\t<td class=\"column-1\"><\/td><td class=\"column-2\">2017- 2018<\/td><td class=\"column-3\"><\/td><td class=\"column-4\"><\/td>\n<\/tr>\n<tr class=\"row-29\">\n\t<td class=\"column-1\">Projet d\u0092appui aux groupements maraichers en vue d\u0092approvisionner les cantines en l\u00e9gumes de qualit\u00e9 (phase pilote CBT avec avenant)<\/td><td class=\"column-2\">2017<\/td><td class=\"column-3\">Programme Alimentaire Mondial (PAM)<\/td><td class=\"column-4\">Pr\u00e9fecture de Kissidougou au niveau des localit\u00e9s de Mandou, Gb\u00e9nikoro, KongolaLoundy, Gbangadou, K\u00e9r\u00e9dou, NiandanScerie et Fouroudou Koura<\/td>\n<\/tr>\n<tr class=\"row-30\">\n\t<td class=\"column-1\">Alphab\u00e9tisation des adultes selon la strat\u00e9gie de \u00ab\u00a0faire-faire\u00a0\u00bb en consortium avec l\u0092ONG AJP<\/td><td class=\"column-2\"><\/td><td class=\"column-3\">Banque Mondiale\/Programme Sectoriel de l\u0092Education (PSE) et le Minist\u00e8re de l\u0092Enseignement Pr\u00e9-Universitaire et de l\u0092Alphab\u00e9tisation<\/td><td class=\"column-4\">Dans les pr\u00e9fectures de Mandiana et K\u00e9rouan\u00e9 (Haute \u0096Guin\u00e9e)<\/td>\n<\/tr>\n<tr class=\"row-31\">\n\t<td class=\"column-1\"><\/td><td class=\"column-2\"><\/td><td class=\"column-3\"><\/td><td class=\"column-4\"><\/td>\n<\/tr>\n<tr class=\"row-32\">\n\t<td class=\"column-1\"><\/td><td class=\"column-2\">2017<\/td><td class=\"column-3\"><\/td><td class=\"column-4\"><\/td>\n<\/tr>\n<tr class=\"row-33\">\n\t<td class=\"column-1\">Mobilisation communautaire pour la promotion de l\u0092Enregistrement des naissances<\/td><td class=\"column-2\">2016<\/td><td class=\"column-3\">UNICEF\/SERACCO<\/td><td class=\"column-4\">Dans les pr\u00e9fectures de Beyla, Lola, N\u0092Z\u00e9r\u00e9kor\u00e9, Yomou, Macenta et Gu\u00e9ck\u00e9dou<\/td>\n<\/tr>\n<tr class=\"row-34\">\n\t<td class=\"column-1\">Projet de R\u00e9insertion \u00e9conomique et social en Guin\u00e9e foresti\u00e8re suite aux \u00e9v\u00e8nements de 2013 \u00e0 N\u0092Z\u00e9r\u00e9kor\u00e9 (PARECO)<\/td><td class=\"column-2\"><\/td><td class=\"column-3\">UNOPS<\/td><td class=\"column-4\">Dans les quartiers de Boma Sud 2 et Bellevue (Commune Urbaine de N\u0092Z\u00e9r\u00e9kor\u00e9)<\/td>\n<\/tr>\n<tr class=\"row-35\">\n\t<td class=\"column-1\"><\/td><td class=\"column-2\">1er \/06\/2015 au 31\/07\/2016<\/td><td class=\"column-3\"><\/td><td class=\"column-4\"><\/td>\n<\/tr>\n<tr class=\"row-36\">\n\t<td class=\"column-1\">Appui aux groupements maraichers<\/td><td class=\"column-2\"><\/td><td class=\"column-3\">Plan International Guin\u00e9e et PAM<\/td><td class=\"column-4\">Pr\u00e9fecture de Macenta<\/td>\n<\/tr>\n<tr class=\"row-37\">\n\t<td class=\"column-1\"><\/td><td class=\"column-2\"><\/td><td class=\"column-3\"><\/td><td class=\"column-4\"><\/td>\n<\/tr>\n<tr class=\"row-38\">\n\t<td class=\"column-1\">Mobilisation communautaire pour la promotion de l\u0092Enregistrement des naissances<\/td><td class=\"column-2\"><\/td><td class=\"column-3\">UNICEF\/SERACCO<\/td><td class=\"column-4\">Dans les pr\u00e9fectures de Beyla, Lola, N\u0092Z\u00e9r\u00e9kor\u00e9, Yomou, Macenta et Gu\u00e9ck\u00e9dou<\/td>\n<\/tr>\n<tr class=\"row-39\">\n\t<td class=\"column-1\">Renforcement de capacit\u00e9s sur les droits reproductif, genre et \u00e9quit\u00e9<\/td><td class=\"column-2\"><\/td><td class=\"column-3\">UNFPA\/Direction R\u00e9gionale de l\u0092Action Sociale, de la Promotion F\u00e9minine et de l\u0092Enfance (DRASPFE)<\/td><td class=\"column-4\">Pr\u00e9fecture de Lola, N\u0092Z\u00e9r\u00e9kor\u00e9 et Macenta<\/td>\n<\/tr>\n<tr class=\"row-40\">\n\t<td class=\"column-1\">Formation des membres d SYPEG<\/td><td class=\"column-2\">2016<\/td><td class=\"column-3\">UNICEF\/DRASPFE)<\/td><td class=\"column-4\">Pr\u00e9fecture de Lola, N\u0092Z\u00e9r\u00e9kor\u00e9 et Lola<\/td>\n<\/tr>\n<tr class=\"row-41\">\n\t<td class=\"column-1\">(syst\u00e8me de protection de l\u0092enfant en Guin\u00e9e)<\/td><td class=\"column-2\"><\/td><td class=\"column-3\"><\/td><td class=\"column-4\"><\/td>\n<\/tr>\n<tr class=\"row-42\">\n\t<td class=\"column-1\">Projet de lutte contre les violences faites aux enfants et aux femmes<\/td><td class=\"column-2\">2014<\/td><td class=\"column-3\">Ambassade de Grande Bretagne en Guin\u00e9e<\/td><td class=\"column-4\">Commune Urbaine de Beyla<\/td>\n<\/tr>\n<tr class=\"row-43\">\n\t<td class=\"column-1\">Mobilisation communautaire pour la promotion de l\u0092Enregistrement des naissances<\/td><td class=\"column-2\"><\/td><td class=\"column-3\">UNICEF\/SERACCO<\/td><td class=\"column-4\">Dans les pr\u00e9fectures de Beyla, Lola, N\u0092Z\u00e9r\u00e9kor\u00e9, Yomou, Macenta et Gu\u00e9ck\u00e9dou<\/td>\n<\/tr>\n<tr class=\"row-44\">\n\t<td class=\"column-1\">Projet de rapprochement des communaut\u00e9s suite aux \u00e9v\u00e8nements de 2013 \u00e0 N\u0092Z\u00e9r\u00e9kor\u00e9<\/td><td class=\"column-2\"><\/td><td class=\"column-3\">Fonds PBF (PNUD\/PAM)<\/td><td class=\"column-4\">Commune Urbaine de N\u0092Z\u00e9r\u00e9kor\u00e9<\/td>\n<\/tr>\n<tr class=\"row-45\">\n\t<td class=\"column-1\">Organisation d\u0092un concours de dict\u00e9e avec les \u00e9l\u00e8ves de la 6\u00e8me ann\u00e9e au niveau de 25 \u00e9coles \u00e9l\u00e9mentaires<\/td><td class=\"column-2\"><\/td><td class=\"column-3\">Fondation Paul Gerin Lajoie du Canada\/CRAN<\/td><td class=\"column-4\">Dans la commune Urbaine de N\u0092Z\u00e9r\u00e9kor\u00e9<\/td>\n<\/tr>\n<tr class=\"row-46\">\n\t<td class=\"column-1\">Appui technique en faveur de 5 groupements maraichers<\/td><td class=\"column-2\"><\/td><td class=\"column-3\">Fonds propre de l\u0092ONG<\/td><td class=\"column-4\">Dans la sous-pr\u00e9fecture de N\u0092Z\u00e9b\u00e9la\/Pr\u00e9fecture de Macenta<\/td>\n<\/tr>\n<tr class=\"row-47\">\n\t<td class=\"column-1\"><\/td><td class=\"column-2\"><\/td><td class=\"column-3\"><\/td><td class=\"column-4\"><\/td>\n<\/tr>\n<tr class=\"row-48\">\n\t<td class=\"column-1\">Promotion des faits d\u0092Etat civil avec accent sur l\u0092enregistrement des naissances et de la r\u00e9gularisation des jugements suppl\u00e9tifs<\/td><td class=\"column-2\"><\/td><td class=\"column-3\">UNICEF\/SERACCO<\/td><td class=\"column-4\">Dans les pr\u00e9fectures de Beyla, Lola, N\u0092Z\u00e9r\u00e9kor\u00e9, Yomou, Macenta et Gu\u00e9ck\u00e9dou<\/td>\n<\/tr>\n<tr class=\"row-49\">\n\t<td class=\"column-1\">Renforcement de capacit\u00e9s des auxiliaires et officiers d\u0092Etat civil sur les avantages de la d\u00e9livrance des actes d\u0092Etat civil authentiques<\/td><td class=\"column-2\">2013<\/td><td class=\"column-3\">UNICEF\/SERACCO<\/td><td class=\"column-4\">Dans les pr\u00e9fectures de Beyla, Lola, N\u0092Z\u00e9r\u00e9kor\u00e9, Yomou, Macenta et Gu\u00e9ck\u00e9dou<\/td>\n<\/tr>\n<tr class=\"row-50\">\n\t<td class=\"column-1\">Renforcement de capacit\u00e9s des femmes rurales sur les avantages des produits locaux en vue de promouvoir la pr\u00e9vention de la malnutrition<\/td><td class=\"column-2\">2012<\/td><td class=\"column-3\">UNICEF\/DPS-Macenta<\/td><td class=\"column-4\">Pr\u00e9fecture  de Macenta (Wattanka ,Sengb\u00e9dou et Kouankan).<\/td>\n<\/tr>\n<tr class=\"row-51\">\n\t<td class=\"column-1\">Activit\u00e9s de Planification Familiale<\/td><td class=\"column-2\">2012<\/td><td class=\"column-3\">UNFPA<\/td><td class=\"column-4\">Pr\u00e9fecture de Yomou, Macenta et Lola<\/td>\n<\/tr>\n<tr class=\"row-52\">\n\t<td class=\"column-1\">Promotion des faits d\u0092Etat civil avec accent sur l\u0092enregistrement des naissances et de la r\u00e9gularisation des jugements suppl\u00e9tifs<\/td><td class=\"column-2\">2011<\/td><td class=\"column-3\">UNICEF\/SERACCO<\/td><td class=\"column-4\">Dans les pr\u00e9fectures de Beyla, Lola, N\u0092Z\u00e9r\u00e9kor\u00e9, Yomou, Macenta et Gu\u00e9ck\u00e9dou<\/td>\n<\/tr>\n<tr class=\"row-53\">\n\t<td class=\"column-1\">Mobilisation communautaire portant sur les avantages de la planification Familiale<\/td><td class=\"column-2\"><\/td><td class=\"column-3\">UNFPA<\/td><td class=\"column-4\">Pr\u00e9fecture de Yomou, Macenta et Lola<\/td>\n<\/tr>\n<tr class=\"row-54\">\n\t<td class=\"column-1\">Promotion des bonnes pratiques nutritionnelles et hygi\u00e9niques au niveau communautaire<\/td><td class=\"column-2\"><\/td><td class=\"column-3\">Plan International Guin\u00e9e<\/td><td class=\"column-4\">Dans les sept collectivit\u00e9s rurales et urbaines de la pr\u00e9fecture de Yomou<\/td>\n<\/tr>\n<tr class=\"row-55\">\n\t<td class=\"column-1\">Promotion de services de la sant\u00e9 reproductive, de la pr\u00e9vention des violences sexuelles<\/td><td class=\"column-2\">2010<\/td><td class=\"column-3\">UNFPA<\/td><td class=\"column-4\">Pr\u00e9fecture de Gu\u00e9ck\u00e9dou<\/td>\n<\/tr>\n<tr class=\"row-56\">\n\t<td class=\"column-1\">R\u00e9gularisation des jugements suppl\u00e9tifs<\/td><td class=\"column-2\"><\/td><td class=\"column-3\">UNICEF\/SERACCO<\/td><td class=\"column-4\">Dans les pr\u00e9fectures de Beyla, Lola, N\u0092Z\u00e9r\u00e9kor\u00e9, Yomou, Macenta et Gu\u00e9ck\u00e9dou<\/td>\n<\/tr>\n<tr class=\"row-57\">\n\t<td class=\"column-1\">Formation des officiers d\u0092Etat civil<\/td><td class=\"column-2\"><\/td><td class=\"column-3\">UNICEF<\/td><td class=\"column-4\">Dans les pr\u00e9fectures de Lola et Beyla<\/td>\n<\/tr>\n<tr class=\"row-58\">\n\t<td class=\"column-1\">R\u00e9habilitation post Conflit dans le cadre de l\u0092Intervention Prolong\u00e9e de Secours et de Redressement en Guin\u00e9e Foresti\u00e8re (IPSR)<\/td><td class=\"column-2\">2009<\/td><td class=\"column-3\">Programme Alimentaire Mondial (PAM)<\/td><td class=\"column-4\">Dans les collectivit\u00e9s de S\u00e9r\u00e9dou, Fassankoni et N\u0092Z\u00e9b\u00e9la dans la pr\u00e9fecture de Macenta<\/td>\n<\/tr>\n<tr class=\"row-59\">\n\t<td class=\"column-1\">(volet Food for Work)<\/td><td class=\"column-2\"><\/td><td class=\"column-3\"><\/td><td class=\"column-4\"><\/td>\n<\/tr>\n<tr class=\"row-60\">\n\t<td class=\"column-1\">Projet de pr\u00e9vention des infections sexuellement transmissibles (IST &amp; VIH) en faveur des femmes en milieu rurales<\/td><td class=\"column-2\"><\/td><td class=\"column-3\">UNFPA<\/td><td class=\"column-4\">Sous-pr\u00e9fectures de Koyamah, Fassankoni, S\u00e9r\u00e9dou et la Commune Urbaine de Macenta<\/td>\n<\/tr>\n<tr class=\"row-61\">\n\t<td class=\"column-1\">Mobilisation communautaire dans le cadre de la pr\u00e9vention et de la prise en charge de la malnutrition  \u00e0 travers l\u0092utilisation des produits agricoles locaux et des mesures d\u0092hygi\u00e8ne alimentaire.<\/td><td class=\"column-2\"><\/td><td class=\"column-3\"><\/td><td class=\"column-4\">Fonds des Nations Unies pour l\u0092Enfant (UNICEF)\/DPS de Macenta<\/td>\n<\/tr>\n<tr class=\"row-62\">\n\t<td class=\"column-1\">Cr\u00e9ation d\u0092un champ \u00e9cole pour la formation des membres des groupements<\/td><td class=\"column-2\">2008<\/td><td class=\"column-3\">Fonds propre de l\u0092organisation<\/td><td class=\"column-4\">Dans la sous-pr\u00e9fecture de N\u0092Z\u00e9b\u00e9la d\u0092une dur\u00e9e de huit mois<\/td>\n<\/tr>\n<tr class=\"row-63\">\n\t<td class=\"column-1\">Projet de pr\u00e9vention des conflits<\/td><td class=\"column-2\"><\/td><td class=\"column-3\">CIP\/PNUD<\/td><td class=\"column-4\">Dans les pr\u00e9fectures de Beyla, Lola, Yomou, Macenta,  Gu\u00e9ck\u00e9dou et N\u0092Z\u00e9r\u00e9kor\u00e9.<\/td>\n<\/tr>\n<\/tbody>\n<\/table>\n<\/div>\t\t\t\t<\/div>\n\t\t\t\t<\/div>\n\t\t\t\t\t<\/div>\n\t\t<\/div>\n\t\t\t\t\t<\/div>\n\t\t<\/section>\n\t\t\t\t<\/div>\n\t\t","protected":false},"excerpt":{"rendered":"<p>NOS PROJETS<\/p>\n","protected":false},"author":1,"featured_media":0,"parent":0,"menu_order":0,"comment_status":"closed","ping_status":"closed","template":"","meta":{"om_disable_all_campaigns":false,"_monsterinsights_skip_tracking":false,"_monsterinsights_sitenote_active":false,"_monsterinsights_sitenote_note":"","_monsterinsights_sitenote_category":0,"site-sidebar-layout":"default","site-content-layout":"default","ast-global-header-display":"","ast-main-header-display":"","ast-hfb-above-header-display":"","ast-hfb-below-header-display":"","ast-hfb-mobile-header-display":"","site-post-title":"","ast-breadcrumbs-content":"","ast-featured-img":"","footer-sml-layout":"","theme-transparent-header-meta":"","adv-header-id-meta":"","stick-header-meta":"","header-above-stick-meta":"","header-main-stick-meta":"","header-below-stick-meta":"","footnotes":""},"class_list":["post-353","page","type-page","status-publish","hentry"],"aioseo_notices":[],"_links":{"self":[{"href":"https:\/\/ong-abefguinee.org\/index.php?rest_route=\/wp\/v2\/pages\/353","targetHints":{"allow":["GET"]}}],"collection":[{"href":"https:\/\/ong-abefguinee.org\/index.php?rest_route=\/wp\/v2\/pages"}],"about":[{"href":"https:\/\/ong-abefguinee.org\/index.php?rest_route=\/wp\/v2\/types\/page"}],"author":[{"embeddable":true,"href":"https:\/\/ong-abefguinee.org\/index.php?rest_route=\/wp\/v2\/users\/1"}],"replies":[{"embeddable":true,"href":"https:\/\/ong-abefguinee.org\/index.php?rest_route=%2Fwp%2Fv2%2Fcomments&post=353"}],"version-history":[{"count":44,"href":"https:\/\/ong-abefguinee.org\/index.php?rest_route=\/wp\/v2\/pages\/353\/revisions"}],"predecessor-version":[{"id":1069,"href":"https:\/\/ong-abefguinee.org\/index.php?rest_route=\/wp\/v2\/pages\/353\/revisions\/1069"}],"wp:attachment":[{"href":"https:\/\/ong-abefguinee.org\/index.php?rest_route=%2Fwp%2Fv2%2Fmedia&parent=353"}],"curies":[{"name":"wp","href":"https:\/\/api.w.org\/{rel}","templated":true}]}}